{"id":122,"date":"2017-12-05T12:56:17","date_gmt":"2017-12-05T11:56:17","guid":{"rendered":"http:\/\/demo08.cs-webdesign.dk\/?page_id=122"},"modified":"2019-04-28T18:17:33","modified_gmt":"2019-04-28T16:17:33","slug":"nyheder","status":"publish","type":"page","link":"https:\/\/demo5.cs-webdesign.dk\/?page_id=122","title":{"rendered":"Maling af lejligheder"},"content":{"rendered":"<p>Der er aldrig to opgaver som er ens ved maling af lejligheder. Derfor bes\u00f8ger en af vores fagfolk dig for at besigtige opgaven. Herefter vi kan udregne en samlet pris p\u00e5 alle n\u00f8dvendige behandlinger til netop din opgave. Det kan v\u00e6re n\u00f8dvendigt med spartling inden vores uddannede malere p\u00e5begynder opgaven. Dette vil v\u00e6re med til at sikre det bedst mulige resultat for dig som kunde ved maling af lejligheder.<\/p>\n","protected":false},"excerpt":{"rendered":"<p>Der er aldrig to opgaver som er ens ved maling af lejligheder. Derfor bes\u00f8ger en af vores fagfolk dig for at besigtige opgaven. Herefter vi kan udregne en samlet pris p\u00e5 alle n\u00f8dvendige behandlinger til netop din opgave. Det kan v\u00e6re n\u00f8dvendigt med spartling inden vores uddannede malere p\u00e5begynder opgaven. Dette vil v\u00e6re med til &hellip; <\/p>\n<p class=\"link-more\"><a href=\"https:\/\/demo5.cs-webdesign.dk\/?page_id=122\" class=\"more-link\">L\u00e6s videre<span class=\"screen-reader-text\"> &#8220;Maling af lejligheder&#8221;<\/span><\/a><\/p>\n","protected":false},"author":2,"featured_media":201,"parent":0,"menu_order":0,"comment_status":"closed","ping_status":"closed","template":"","meta":[],"_links":{"self":[{"href":"https:\/\/demo5.cs-webdesign.dk\/index.php?rest_route=\/wp\/v2\/pages\/122"}],"collection":[{"href":"https:\/\/demo5.cs-webdesign.dk\/index.php?rest_route=\/wp\/v2\/pages"}],"about":[{"href":"https:\/\/demo5.cs-webdesign.dk\/index.php?rest_route=\/wp\/v2\/types\/page"}],"author":[{"embeddable":true,"href":"https:\/\/demo5.cs-webdesign.dk\/index.php?rest_route=\/wp\/v2\/users\/2"}],"replies":[{"embeddable":true,"href":"https:\/\/demo5.cs-webdesign.dk\/index.php?rest_route=%2Fwp%2Fv2%2Fcomments&post=122"}],"version-history":[{"count":6,"href":"https:\/\/demo5.cs-webdesign.dk\/index.php?rest_route=\/wp\/v2\/pages\/122\/revisions"}],"predecessor-version":[{"id":192,"href":"https:\/\/demo5.cs-webdesign.dk\/index.php?rest_route=\/wp\/v2\/pages\/122\/revisions\/192"}],"wp:featuredmedia":[{"embeddable":true,"href":"https:\/\/demo5.cs-webdesign.dk\/index.php?rest_route=\/wp\/v2\/media\/201"}],"wp:attachment":[{"href":"https:\/\/demo5.cs-webdesign.dk\/index.php?rest_route=%2Fwp%2Fv2%2Fmedia&parent=122"}],"curies":[{"name":"wp","href":"https:\/\/api.w.org\/{rel}","templated":true}]}}