{"id":16,"date":"2017-11-28T15:17:19","date_gmt":"2017-11-28T14:17:19","guid":{"rendered":"http:\/\/demo08.cs-webdesign.dk\/?page_id=16"},"modified":"2019-04-29T09:49:46","modified_gmt":"2019-04-29T07:49:46","slug":"hjem","status":"publish","type":"page","link":"https:\/\/demo5.cs-webdesign.dk\/","title":{"rendered":"Spartling"},"content":{"rendered":"<p>Med mange \u00e5rs erfaring i spartling ved vi, at man aldrig opn\u00e5r et perfekt resultat, hvis man ikke starter med et perfekt grundlag.<\/p>\n<p>Som amat\u00f8r kan man t\u00e6nke, at det med spartling er meget nemt. Man tager da bare en klat polyfilla og en lille spartel, og s\u00e5 er det klaret. Facaden kan man lige k\u00f8re over med en kost med lidt puds p\u00e5. Men s\u00e5 enkelt er det langt fra altid. Hvad man spartler med er heller ikke ligegyldigt, ligesom der kr\u00e6ves forskellige teknikker og spartler afh\u00e6ngig af b\u00e5de underlaget og det, der skal s\u00e6ttes op efter spartling \u2013 og om det er indend\u00f8rs eller udend\u00f8rs, eller i eventuelle v\u00e5drum.<\/p>\n","protected":false},"excerpt":{"rendered":"<p>Med mange \u00e5rs erfaring i spartling ved vi, at man aldrig opn\u00e5r et perfekt resultat, hvis man ikke starter med et perfekt grundlag. Som amat\u00f8r kan man t\u00e6nke, at det med spartling er meget nemt. Man tager da bare en klat polyfilla og en lille spartel, og s\u00e5 er det klaret. Facaden kan man lige &hellip; <\/p>\n<p class=\"link-more\"><a href=\"https:\/\/demo5.cs-webdesign.dk\/\" class=\"more-link\">L\u00e6s videre<span class=\"screen-reader-text\"> &#8220;Spartling&#8221;<\/span><\/a><\/p>\n","protected":false},"author":2,"featured_media":208,"parent":0,"menu_order":0,"comment_status":"closed","ping_status":"closed","template":"","meta":[],"_links":{"self":[{"href":"https:\/\/demo5.cs-webdesign.dk\/index.php?rest_route=\/wp\/v2\/pages\/16"}],"collection":[{"href":"https:\/\/demo5.cs-webdesign.dk\/index.php?rest_route=\/wp\/v2\/pages"}],"about":[{"href":"https:\/\/demo5.cs-webdesign.dk\/index.php?rest_route=\/wp\/v2\/types\/page"}],"author":[{"embeddable":true,"href":"https:\/\/demo5.cs-webdesign.dk\/index.php?rest_route=\/wp\/v2\/users\/2"}],"replies":[{"embeddable":true,"href":"https:\/\/demo5.cs-webdesign.dk\/index.php?rest_route=%2Fwp%2Fv2%2Fcomments&post=16"}],"version-history":[{"count":8,"href":"https:\/\/demo5.cs-webdesign.dk\/index.php?rest_route=\/wp\/v2\/pages\/16\/revisions"}],"predecessor-version":[{"id":189,"href":"https:\/\/demo5.cs-webdesign.dk\/index.php?rest_route=\/wp\/v2\/pages\/16\/revisions\/189"}],"wp:featuredmedia":[{"embeddable":true,"href":"https:\/\/demo5.cs-webdesign.dk\/index.php?rest_route=\/wp\/v2\/media\/208"}],"wp:attachment":[{"href":"https:\/\/demo5.cs-webdesign.dk\/index.php?rest_route=%2Fwp%2Fv2%2Fmedia&parent=16"}],"curies":[{"name":"wp","href":"https:\/\/api.w.org\/{rel}","templated":true}]}}