{"id":18,"date":"2017-11-28T15:17:19","date_gmt":"2017-11-28T14:17:19","guid":{"rendered":"http:\/\/demo08.cs-webdesign.dk\/?page_id=18"},"modified":"2019-04-28T18:11:41","modified_gmt":"2019-04-28T16:11:41","slug":"arlo-baby","status":"publish","type":"page","link":"https:\/\/demo5.cs-webdesign.dk\/?page_id=18","title":{"rendered":"Facademaling"},"content":{"rendered":"<div class=\"column step-3-12 step-2-6\">\n<div class=\"Container ModuleElement Textarea AutoResizable con-282 \" id=\"site-container-15373\" data-moduleelement=\"5364\" data-containertype=\"Textarea\" data-snap=\"1\">\n<div class=\"Module-5364 Textarea\">\n<p>Gennem mange \u00e5rs professionelt arbejde med facademaling har vi f\u00e5et stor erfaring med at male facader p\u00e5 alle typer bygninger. Vi kan derfor ogs\u00e5 hj\u00e6lpe dig n\u00e5r din bolig eller hele din andelsforening skal have malet facader. Vores erfaring sikrer et ensartet resultat uanset opgavens st\u00f8rrelse. Vi tilbyder facademaling til b\u00e5de private, foreninger og erhverv<\/p>\n<p>Inden din opgave med facademaling begynder, vurderer vi standen p\u00e5 facaden og s\u00f8rger for spartling eller andre n\u00f8dvendige reparationer, som skal v\u00e6re med til at sikre den h\u00f8je kvalitet.<\/p>\n<p>\u200b<\/p>\n<\/div>\n<\/div>\n<\/div>\n","protected":false},"excerpt":{"rendered":"<p>Gennem mange \u00e5rs professionelt arbejde med facademaling har vi f\u00e5et stor erfaring med at male facader p\u00e5 alle typer bygninger. Vi kan derfor ogs\u00e5 hj\u00e6lpe dig n\u00e5r din bolig eller hele din andelsforening skal have malet facader. Vores erfaring sikrer et ensartet resultat uanset opgavens st\u00f8rrelse. Vi tilbyder facademaling til b\u00e5de private, foreninger og erhverv &hellip; <\/p>\n<p class=\"link-more\"><a href=\"https:\/\/demo5.cs-webdesign.dk\/?page_id=18\" class=\"more-link\">L\u00e6s videre<span class=\"screen-reader-text\"> &#8220;Facademaling&#8221;<\/span><\/a><\/p>\n","protected":false},"author":2,"featured_media":198,"parent":0,"menu_order":0,"comment_status":"closed","ping_status":"closed","template":"","meta":[],"_links":{"self":[{"href":"https:\/\/demo5.cs-webdesign.dk\/index.php?rest_route=\/wp\/v2\/pages\/18"}],"collection":[{"href":"https:\/\/demo5.cs-webdesign.dk\/index.php?rest_route=\/wp\/v2\/pages"}],"about":[{"href":"https:\/\/demo5.cs-webdesign.dk\/index.php?rest_route=\/wp\/v2\/types\/page"}],"author":[{"embeddable":true,"href":"https:\/\/demo5.cs-webdesign.dk\/index.php?rest_route=\/wp\/v2\/users\/2"}],"replies":[{"embeddable":true,"href":"https:\/\/demo5.cs-webdesign.dk\/index.php?rest_route=%2Fwp%2Fv2%2Fcomments&post=18"}],"version-history":[{"count":10,"href":"https:\/\/demo5.cs-webdesign.dk\/index.php?rest_route=\/wp\/v2\/pages\/18\/revisions"}],"predecessor-version":[{"id":199,"href":"https:\/\/demo5.cs-webdesign.dk\/index.php?rest_route=\/wp\/v2\/pages\/18\/revisions\/199"}],"wp:featuredmedia":[{"embeddable":true,"href":"https:\/\/demo5.cs-webdesign.dk\/index.php?rest_route=\/wp\/v2\/media\/198"}],"wp:attachment":[{"href":"https:\/\/demo5.cs-webdesign.dk\/index.php?rest_route=%2Fwp%2Fv2%2Fmedia&parent=18"}],"curies":[{"name":"wp","href":"https:\/\/api.w.org\/{rel}","templated":true}]}}